{"id":29307,"date":"2019-03-07T06:33:31","date_gmt":"2019-03-07T06:33:31","guid":{"rendered":"https:\/\/www.atbs.ro\/?page_id=29307"},"modified":"2019-03-24T14:16:03","modified_gmt":"2019-03-24T14:16:03","slug":"cookie-richtlinie","status":"publish","type":"page","link":"https:\/\/www.atbs.ro\/de\/cookie-richtlinie\/","title":{"rendered":"Cookie-Richtlinie"},"content":{"rendered":"<div class=\"wpb-content-wrapper\"><p>[vc_row][vc_column][vc_column_text]<\/p>\n<p align=\"justify\"><strong>Diese Webseite verwendet Cookies<\/strong><br \/>\nWir verwenden Cookies, um Inhalte und Anzeigen zu personalisieren, Funktionen f\u00fcr soziale Medien anbieten zu k\u00f6nnen und die Zugriffe auf unsere Website zu analysieren. Au\u00dferdem geben wir Informationen zu Ihrer Verwendung unserer Website an unsere Partner f\u00fcr soziale Medien, Werbung und Analysen weiter. Unsere Partner f\u00fchren diese Informationen m\u00f6glicherweise mit weiteren Daten zusammen, die Sie ihnen bereitgestellt haben oder die sie im Rahmen Ihrer Nutzung der Dienste gesammelt haben. Sie geben Einwilligung zu unseren Cookies, wenn Sie unsere Webseite weiterhin nutzen.<br \/>\nCookies sind kleine Textdateien, die von Webseiten verwendet werden, um die Benutzererfahrung effizienter zu gestalten.<br \/>\nLaut Gesetz k\u00f6nnen wir Cookies auf Ihrem Ger\u00e4t speichern, wenn diese f\u00fcr den Betrieb dieser Seite unbedingt notwendig sind. F\u00fcr alle anderen Cookie-Typen ben\u00f6tigen wir Ihre Erlaubnis.<br \/>\nDiese Seite verwendet unterschiedliche Cookie-Typen. Einige Cookies werden von Drittparteien platziert, die auf unseren Seiten erscheinen.<br \/>\nSie k\u00f6nnen Ihre Einwilligung jederzeit von der Cookie-Erkl\u00e4rung auf unserer Website \u00e4ndern oder widerrufen.<br \/>\nErfahren Sie in unserer Datenschutzrichtlinie mehr dar\u00fcber, wer wir sind, wie Sie uns kontaktieren k\u00f6nnen und wie wir personenbezogene Daten verarbeiten.<\/p>\n<p><strong>Notwendig<\/strong><br \/>\nNotwendige Cookies helfen dabei, eine Webseite nutzbar zu machen, indem sie Grundfunktionen wie Seitennavigation und Zugriff auf sichere Bereiche der Webseite erm\u00f6glichen. Die Webseite kann ohne diese Cookies nicht richtig funktionieren.<\/p>\n<p><strong>Pr\u00e4ferenzen<\/strong><br \/>\nPr\u00e4ferenz-Cookies erm\u00f6glichen einer Webseite sich an Informationen zu erinnern, die die Art beeinflussen, wie sich eine Webseite verh\u00e4lt oder aussieht, wie z. B. Ihre bevorzugte Sprache oder die Region in der Sie sich befinden.<\/p>\n<p><strong>Statistiken<\/strong><br \/>\nStatistik-Cookies helfen Webseiten-Besitzern zu verstehen, wie Besucher mit Webseiten interagieren, indem Informationen anonym gesammelt und gemeldet werden.<\/p>\n<p><strong>Marketing<\/strong><br \/>\nMarketing-Cookies werden verwendet, um Besuchern auf Webseiten zu folgen. Die Absicht ist, Anzeigen zu zeigen, die relevant und ansprechend f\u00fcr den einzelnen Benutzer sind und daher wertvoller f\u00fcr Publisher und werbetreibende Drittparteien sind.<\/p>\n<p><strong>Nicht klassifiziert<\/strong><br \/>\nNicht klassifizierte Cookies sind Cookies, die wir gerade versuchen zu klassifizieren, zusammen mit Anbietern von individuellen Cookies.<\/p>\n<p>[\/vc_column_text][\/vc_column][\/vc_row]<\/p>\n<\/div>","protected":false},"excerpt":{"rendered":"<p>[vc_row][vc_column][vc_column_text] Diese Webseite verwendet Cookies Wir verwenden Cookies, um Inhalte und Anzeigen zu personalisieren, Funktionen f\u00fcr soziale Medien anbieten zu&#8230;<\/p>\n","protected":false},"author":1,"featured_media":0,"parent":0,"menu_order":0,"comment_status":"closed","ping_status":"closed","template":"","meta":{"footnotes":""},"class_list":["post-29307","page","type-page","status-publish"],"_links":{"self":[{"href":"https:\/\/www.atbs.ro\/de\/wp-json\/wp\/v2\/pages\/29307","targetHints":{"allow":["GET"]}}],"collection":[{"href":"https:\/\/www.atbs.ro\/de\/wp-json\/wp\/v2\/pages"}],"about":[{"href":"https:\/\/www.atbs.ro\/de\/wp-json\/wp\/v2\/types\/page"}],"author":[{"embeddable":true,"href":"https:\/\/www.atbs.ro\/de\/wp-json\/wp\/v2\/users\/1"}],"replies":[{"embeddable":true,"href":"https:\/\/www.atbs.ro\/de\/wp-json\/wp\/v2\/comments?post=29307"}],"version-history":[{"count":0,"href":"https:\/\/www.atbs.ro\/de\/wp-json\/wp\/v2\/pages\/29307\/revisions"}],"wp:attachment":[{"href":"https:\/\/www.atbs.ro\/de\/wp-json\/wp\/v2\/media?parent=29307"}],"curies":[{"name":"wp","href":"https:\/\/api.w.org\/{rel}","templated":true}]}}