{"id":29074,"date":"2019-02-05T10:05:25","date_gmt":"2019-02-05T10:05:25","guid":{"rendered":"https:\/\/atbs.adautototal.ro\/?page_id=29074"},"modified":"2019-03-24T14:20:07","modified_gmt":"2019-03-24T14:20:07","slug":"gdpr","status":"publish","type":"page","link":"https:\/\/www.atbs.ro\/de\/gdpr\/","title":{"rendered":"GDPR"},"content":{"rendered":"<div class=\"wpb-content-wrapper\"><p>[vc_row][vc_column][vc_column_text]<strong>AUSKUNFT BEZ\u00dcGLICH DER PERSONENBEZOGENEN DATEN<\/strong><\/p>\n<p align=\"justify\">Am 25.05. 2018 tritt die Verordnung 679\/2016 in Kraft, und zwar bez\u00fcglich dem Schutz nat\u00fcrlicher Personen bei der Verarbeitung personenbezogener Daten, zum freien Datenverkehr (im Folgenden Datenschutz Grundverordnung genannt), Rechtsvorschrift die den Schutz der grundlegenden Rechte und Freiheiten der nat\u00fcrlichen Personen besonders das Recht zum Schutz der personenbezogenen Daten gew\u00e4hrt.<\/p>\n<p align=\"justify\">Wir, AD AUTO TOTAL S.R.L., geben besondere Acht der Vertraulichkeit der personenbezogenen Daten und dem Schutz der Rechten unserer Kunden und Partnern.<\/p>\n<p align=\"justify\">Folglich, m\u00f6chten wir Ihnen ein paar relevante Informationen bez\u00fcglich der Verarbeitung der personenbezogenen Daten innerhalb unserer Gesellschaft mitteilen:<\/p>\n<p>&nbsp;<\/p>\n<p><strong>1. Bedeutung einiger Begriffe:<\/strong><\/p>\n<p align=\"justify\">Damit die durch das vorliegende Dokument mitgeteilten Informationen ihre Klarheit behalten, erkl\u00e4ren wir nachtr\u00e4glich den Sinn einiger von den unten verwendeten Begriffe wie diese in der geltenden Gesetzgebung definiert werden:<\/p>\n<p align=\"justify\"><strong>\u2022 <strong>\u201cPersonenbezogene Daten\u201d<\/strong> bezieht sich auf jedwelche Daten mit R\u00fccksicht auf eine nat\u00fcrliche identifizierte oder identifizierbare Person (\u201cbetroffene Person\u201d); eine nat\u00fcrliche identifizierbare Person die identifiziert werden kann, direkt oder indirekt, besonders mit Bezug auf das Identifizierungselement wie zum Beispiel Name, Identifikationsnummer, Standortdaten, Online-Kennung oder ein oder mehrere spezifische Elemente der eigentlichen physischen, physiologischen, genetischen, psychischen, \u00f6konomischen, kulturellen und sozialen Identit\u00e4t;<\/strong><\/p>\n<p align=\"justify\">\u2022 <strong>\u201cVerarbeitung\u201d<\/strong> bezieht sich auf jedwelche durchgef\u00fchrte Operation oder durchgef\u00fchrten Operationsset auf den personenbezogenen Daten oder auf den Sets der personenbezogenen Daten mittels oder ohne Verwendung der automatisierten Mitteln wie zum Beispiel das Sammeln, der Eintrag, die Organisierung, Strukturierung, Speicherung, Anpassung oder Ver\u00e4nderung, der Auszug, die Widergabe, Verwendung, Weitergabe durch \u00dcberweisung, Verbreitung oder Bereitstellung auf jedwelche andere Weise, Anpassung oder Kombination, Einschr\u00e4nkung, L\u00f6schung oder Vernichtung;<\/p>\n<p align=\"justify\"><strong>\u2022 <strong>\u201cVerantwortliche\u201d<\/strong> hei\u00dft die Person die die Zwecken und Mittel der Datenverarbeitung der personenbezogenen Daten festsetzt;<\/strong><\/p>\n<p align=\"justify\">\u2022 <strong>\u201cDie vom Verantwortlichen bevollm\u00e4chtigte Person\u201d<\/strong> bedeutet die nat\u00fcrliche Person oder Rechtsperson, \u00f6ffentliche Beh\u00f6rde, Agentur oder ein anderes Organ das die personenbezogenen Daten im Namen der Verantwortlichen verarbeitet;<\/p>\n<p align=\"justify\">\u2022 <strong>\u201cEmpf\u00e4nger\u201d<\/strong> bedeutet die nat\u00fcrliche Person oder Rechtsperson, \u00f6ffentliche Beh\u00f6rde, Agentur oder ein anderes Organ dem\/der die personenbezogenen Daten weitergegeben wurden.<\/p>\n<p>&nbsp;<\/p>\n<p><strong>2. Verantwortliche f\u00fcr Datenverarbeitung:<\/strong><\/p>\n<p align=\"justify\">Die Gesellschaft AD AUTO TOTAL S.R.L. (im Folgenden \u201cVerantwortliche\u201d genannt), mit dem Sitz in Bukarest, Tincanistr., Nr. 8, Bl. Z18, Gbd. A, 10. OB, Whg. 66, Sektor 6, Handelsregisternummer J40\/29340\/1994, Ust-IdNr. RO 6844726, mit der Anschriftsadresse bei der Niederlassung aus Bukarest, Splaiul Unirii Nr. 96, Sektor 4 \u2013 Eingang auf der Verzisoristr., Nr. 16, ist Verantwortlicher f\u00fcr personenbezogene Daten.<\/p>\n<p align=\"justify\">Die Verarbeitung der personenbezogenen Daten wird aufgrund und durch die Einhaltung der geltenden gesetzgebenden Vorschriften und besonders der Verordnung 679\/2016 bez\u00fcglich dem Schutz nat\u00fcrlicher Personen bei der Verarbeitung personenbezogener Daten, zum freien Datenverkehr (Datenschutz Grundverordnung) durchgef\u00fchrt.<\/p>\n<p>&nbsp;<\/p>\n<p><strong>3. Kategorien von verarbeiteten Daten:<\/strong><\/p>\n<p align=\"justify\">Unsere Gesellschaft \u00fcbt mehrere Arten von Verarbeitung der personenbezogenen Daten. Die verarbeiteten Daten, die Art der Sammlung und die anderen Bedingungen der Datenverarbeitung unterscheiden sich je nach Ziel jeder Verarbeitungsoperation und dessen Rechtsgrundlage.<\/p>\n<p align=\"justify\">Im Allgemeinen verarbeiten wir folgende Kategorien von personenbezogenen Daten:<\/p>\n<p align=\"justify\">\u2022 Name, Kontaktdaten, Unterschrift, Arbeitsstelle und die Organisation innerhalb dessen Sie arbeitst\u00e4tig sind (besonders im Fall der Vertreter und der Mitarbeiter der Partner Gesellschaften \u2013 Kunden, Lieferanten, andere Gesch\u00e4ftspartner);<\/p>\n<p align=\"justify\">&#8211; professional experience, training and qualifications, other information usually included in the CV (in particular if you apply for a job in our company);<\/p>\n<p align=\"justify\">\u2022 Adresse, Kenndaten (Serie- und Ausweisnummer, Personennummer); einschlie\u00dflich deren Vorweisung;<\/p>\n<p align=\"justify\">\u2022 Berufserfahrung, Studien und Qualifizierungen, andere im Lebenslauf gew\u00f6hnlich enthaltenen Daten (im Fall von Bewerbung f\u00fcr eine Stelle innerhalb unserer Organisation);<\/p>\n<p align=\"justify\">\u2022 technische und berufliche Kenntnisse und F\u00e4higkeiten, berufliche Qualifikation, Informationen \u00fcber die berufliche Ausbildungs-\/Schulungskurse und die von dem Verantwortlichen organisierten Wettbewerben bei denen Sie teilnehmen;<\/p>\n<p align=\"justify\">\u2022 Geburtsdatum (Information die gew\u00f6hnlich beauftragt wird zwecks Best\u00e4tigung des Alters beziehungsweise der Vollj\u00e4hrigkeit, so dass Sie bei den Veranstaltungen, Aktivit\u00e4ten und\/oder von uns organisierten Wettbewerben teilnehmen k\u00f6nnen);<\/p>\n<p align=\"justify\">\u2022 Daten bez\u00fcglich der Vertragsbeziehung zwischen Ihnen und unsere Gesellschaft;<\/p>\n<p align=\"justify\">\u2022 Daten bez\u00fcglich oder notwendig f\u00fcr die Vollziehung der Rechtspflichten \u2013 einschlie\u00dflich, gegebenfalls, Daten bez\u00fcglich des bezogenen Einkommens und\/oder die vom Verantwortlichen erhaltenen Preise und gegen\u00fcber wessen unsere Gesellschaft steuerpflichtig ist (wie zum Beispiel Einreichung von Steuererkl\u00e4rungen, Einbehaltung und Zahlung von Steuern, Geb\u00fchren und Beitr\u00e4ge zu dem staatlichen Haushalt oder andere \u00f6ffentliche Budgets, usw.);<\/p>\n<p align=\"justify\">\u2022 Im F\u00fchrerschein, Erstzulassungsbescheinigung und\/oder im Fahrzeugbrief enthaltene Daten, Informationen bez\u00fcglich technischer Probleme\/ M\u00e4ngel der Fahrzeuge, Informationen bez\u00fcglich der Versicherungspolicen Typ RCA\/CASCO ( besonders im Fall von Personen die Ersatzteile und Zubeh\u00f6r f\u00fcr Fahrzeuge von unserer Organisation kaufen, die Gew\u00e4hrleistung und Entsch\u00e4digungsrechte von der Versicherungsfirma mit denen wir mitarbeiten, genie\u00dfen sowie andere \u00e4hnliche Sachlagen);<\/p>\n<p align=\"justify\">\u2022 Wir verarbeiten die Videoaufnahme von Personen die unsere video\u00fcberwachten Standorte besuchen.<\/p>\n<p align=\"justify\">Es besteht die M\u00f6glichkeit dass wir im Einzelfalle auch andere personenbezogene Daten verarbeiten und werden dementsprechend der betroffenen Person im Einzelfall mitteilen.<\/p>\n<p>&nbsp;<\/p>\n<p><strong>4. Ziele und rechtliche Gr\u00fcnde der Datenverarbeitung:<\/strong><\/p>\n<p align=\"justify\">In diesem Abschnitt werden wir das Ziel der Verarbeitung der personenbezogenen Daten darstellen und werden die Rechtsgrundlagen auf denen jede Verarbeitung der personenbezogenen Daten beruht benennen.<\/p>\n<p align=\"justify\">Unsere Gesellschaft verarbeitet die personenbezogenen Daten zwecks Erreichung folgender Ziele:<\/p>\n<p align=\"justify\">\u2022 Werbung, Marketing und Publizit\u00e4t, Public Relations;<\/p>\n<p align=\"justify\">\u2022 Verkauf der Produkte und Erbringung von Leistungen die von unserer Gesellschaft angeboten werden (einschlie\u00dflich berufliche Ausbildungs-\/Schulungskurse);<\/p>\n<p align=\"justify\">\u2022 Schlie\u00dfung von Vetr\u00e4ge und die Beaufsichtigung der Vetr\u00e4ge mit den Vertragspartnern (Kunden, Lieferanten usw.), einschlie\u00dflich im Kontakt mit ihnen zu bleiben;<\/p>\n<p align=\"justify\">\u2022 Ihre Teilnahme zu den Veranstaltungen, Aktivit\u00e4ten und\/oder die von uns organisierten Wettbewerbe;<\/p>\n<p align=\"justify\">\u2022 Erf\u00fcllung unserer Verpflichtungen, gem\u00e4\u00df der geltenden gesetzlichen Vorschriften, der Gerichtsurteile und der Auftr\u00e4ge, der Beschl\u00fcsse und der Vorschriften der \u00f6ffentlichen Beh\u00f6rden;<\/p>\n<p align=\"justify\">\u2022 Die \u00dcberwachung der Verantwortlichen sowie der Schutz, die Einhaltung und die Aus\u00fcbung der Rechte der Verantwortlichen.<\/p>\n<p>Die Verarbeitung der personenbezogenen Daten wird aufgrund der Rechtsgrundlage, gem\u00e4\u00df der Vorschriften der DSGVO durchgef\u00fchrt.<\/p>\n<p align=\"justify\">Die Rechtsgrundlagen der Operationen der Verarbeitung der personenbezogenen Daten sind folgende:<\/p>\n<p align=\"justify\">\u2022 Erf\u00fcllung der gesetzlichen Verpflichtungen der Verantwortlichen (Erf\u00fcllung der Steuerpflichten, vom Gesetz beauftragte Buchf\u00fchrung, usw.);<\/p>\n<p align=\"justify\">\u2022 Ihr frei ausgedr\u00fccktes Einvernehmen (im Fall von Teilnahme bei den Veranstaltungen, Aktivit\u00e4ten und\/oder von uns organisierten Wettbewerbe, im Fall von Anmeldung zu unseren Newsletter sowie auch Einzelf\u00e4lle wenn Ihr Einvernehmen ausdr\u00fccklich und unzweifelhaft ge\u00e4u\u00dfert wird);<\/p>\n<p align=\"justify\">\u2022 Das berechtigte Interesse des Verantwortlichen (Werbung, Marketing und Publizit\u00e4t f\u00fcr die von uns angebotenen Produkte und Leistungen, Public Relations und F\u00f6rderung der Image des Verantwortlichen, Verkauf der Produkten und Lieferung der von unserer Gesellschaft anderer Personen angebotenen Leistungen, \u00dcberwachung der G\u00fcter und Schutz, Einhaltung und Aus\u00fcbung unserer Rechte);<\/p>\n<p align=\"justify\">\u2022 Vollziehung eines Vertrags an denen Sie teilnehmen oder die Erf\u00fcllung der Schritten, bei Ihren Antrag, bevor der Schlie\u00dfung eines Vertrags.<\/p>\n<p>&nbsp;<\/p>\n<p><strong>5. Empf\u00e4ngerkategorien:<\/strong><\/p>\n<p align=\"justify\">Im Allgemeinen, verwenden wir Ihre pers\u00f6nlichen Daten in unserem Interesse. Trotzdem gibt es F\u00e4lle wenn die personenbezogene Daten einer Kategorie von Empf\u00e4nger offengelegt werden gem\u00e4\u00df des Ziels jeder Datenverarbeitung.<\/p>\n<p align=\"justify\">Die pers\u00f6nlichen Daten k\u00f6nnen unseren Gesch\u00e4ftspartnern mitgeteilt werden (einschlie\u00dflich Banken oder andere Kreditinstitute), sowie unseren Lieferanten die als von Verantwortlichen bevollm\u00e4chtigte Personen handeln. Unter diesen k\u00f6nnen einige ihren Hauptsitz in anderen Mitgliedstaaten haben.<\/p>\n<p align=\"justify\">Der Name der Gewinner an den von uns organisierten Wettbewerbe werden \u00f6ffentlich bekanntgegeben innerhalb der entsprechenden Veranstaltung sowie auch durch die Ver\u00f6ffentlichung dieser Namen auf unseren Websiten, auf unseren Seiten und sozialen Medien, in unserer Zeitschrift und unseren Newsletter sowie auch durch jedwelche andere Kommunikationsmittel. Die pers\u00f6nlichen Daten der Gewinner werden der zust\u00e4ndigen \u00f6ffentlichen Beh\u00f6rde zwecks der Erf\u00fcllung der Steuerpflichten gem\u00e4\u00df der geltenden gesetzlichen Vorschriften mitgeteilt.<\/p>\n<p align=\"justify\">Die personenbezogene Daten werden der \u00f6ffentlichen Beh\u00f6rde oder der Dritten im Falle einer bestehenden gesetzlichen Pflicht in diesem Sinne, im Falle eines Beschlusses\/ einem f\u00fcr Verwantwortliche rechtsverbindlichen Verwaltungsauftrages sowohl wie auch in dem Fall indem diese Kommunikation notwendig ist zwecks Feststellung, Aus\u00fcbung oder Verteidigung eines Rechts vor dem Gericht, mitgeteilt.<\/p>\n<p>&nbsp;<\/p>\n<p><strong>6. Zeitraum der Datenspeicherung:<\/strong><\/p>\n<p align=\"justify\">Ihre pers\u00f6nlichen Daten werden auf eine solche Weise gespeichert damit die Identifizierung der betroffenen Personen auf einen Zeitraum der die notwendige Periode w\u00e4hrend der die Daten zwecks Erreichung der Ziele verarbeitet werden, m\u00f6glich ist und dieser nicht \u00fcberschreitet wird. Dementsprechend unterscheidet sich die Periode der Datenspeicherung je nach Ziel der Datenverarbeitung.<\/p>\n<p align=\"justify\">Sollte die geltende Gesetzgebung bestimmte Fristen f\u00fcr die Datenspeicherung festlegen dann werden die Daten f\u00fcr die ganze gesetzlich vorgeschriebene Zeit gespeichert.<\/p>\n<p align=\"justify\">Im Allgemeinen werden die Daten die in unseren Vertragsbeziehungen zwischen unserer Gesellschaft und unseren Partnern verwendet werden nicht nur f\u00fcr die Dauer der Vertragsbeziehung gespeichert sondern auch w\u00e4hrend der Dauers der Verj\u00e4hrungsfrist f\u00fcr jede ausge\u00fcbte Rechtsbziehung.<\/p>\n<p align=\"justify\">F\u00fcr jede Datenverarbeitung zu anderen Zwecken werden angemessene Speicherfriste die die notwendige Dauer zwecks Erreichung der Ziele der betreffenden Datenverarbeitung nicht \u00fcberschreitet.<\/p>\n<p align=\"justify\">In bestimmten F\u00e4llen (wie zum Beispiel aber nicht einbeschr\u00e4nkt auf: Unf\u00e4lle, strittige Umst\u00e4nde, Begehen von Straftaten und Verwaltungstaten, Auftr\u00e4ge von \u00f6ffentlichen Beh\u00f6rden, usw.), werden die Daten f\u00fcr die ganze notwendige Dauer gespeichert, um das betreffende Ereignis endg\u00fcltig aabkl\u00e4ren zu k\u00f6nnen.<\/p>\n<p>&nbsp;<\/p>\n<p><strong>7. Datenquelle:<\/strong><\/p>\n<p align=\"justify\">Im Allgemeinen werden Daten direkt von Ihnen oder, wenn Sie Vertreter \/ Angestellter eines unserer Partner sind, von Ihrem Arbeitgeber oder der von Ihnen vertretenen Person erhoben. Die Daten k\u00f6nnen sowohl von uns als auch von unserem Bevollm\u00e4chtigten erhoben werden, der im Namen und f\u00fcr den Datenbetreiber handelt.<\/p>\n<p align=\"justify\">In bestimmten F\u00e4llen erhalten Sie m\u00f6glicherweise Daten von den Vertragspartnern unseres Unternehmens, z. B. Versicherungsgesellschaften, Autowerkst\u00e4tten (Autodienst), mit denen wir zusammenarbeiten, oder die Eigent\u00fcmer der von Ihnen verwendeten Fahrzeuge.Gelegentlich erhalten wir Ihre Daten von \u00f6ffentlichen Stellen aus \u00f6ffentlich zug\u00e4nglichen Quellen (wie dem Handelsregister, dem Grundbuchamt, dem elektronischen Archiv f\u00fcr echte Mobilfunkgarantien, dem Gerichtsportal usw.) oder anderen Dritten, wie z Anbieter von Auswahl- und Rekrutierungsdiensten sein.<\/p>\n<p>&nbsp;<\/p>\n<p><strong>8. Ihre Rechte als Einzelpersonen:<\/strong><\/p>\n<p align=\"justify\">Als Person haben Sie Anspruch auf folgende Rechte:<\/p>\n<p align=\"justify\">das Recht auf Informationen und Zugang zu den Daten, die Sie uns zur Verf\u00fcgung stellen;<\/p>\n<p align=\"justify\">Das Zugriffsrecht beinhaltet das Recht, von uns eine Best\u00e4tigung zu erhalten, dass wir personenbezogene Daten verarbeiten oder nicht, die Sie betreffen, und wenn ja, Zugang zu den jeweiligen Daten und den folgenden Informationen:<\/p>\n<p align=\"justify\">1. die Zwecke der Verarbeitung;<\/p>\n<p align=\"justify\">2. die Kategorien der verarbeiteten personenbezogenen Daten;<\/p>\n<p align=\"justify\">3. Empf\u00e4nger oder Kategorien von Empf\u00e4ngern, denen personenbezogene Daten mitgeteilt wurden oder werden sollen, insbesondere Empf\u00e4nger aus Drittl\u00e4ndern oder internationalen Organisationen;<\/p>\n<p align=\"justify\">4. soweit m\u00f6glich, den Zeitraum, f\u00fcr den personenbezogene Daten gespeichert werden sollen, oder, falls dies nicht m\u00f6glich ist, die Kriterien, nach denen dieser Zeitraum festgelegt wurde;<\/p>\n<p align=\"justify\">5. wenn keine personenbezogenen Daten von Ihnen erfasst werden, alle verf\u00fcgbaren Informationen \u00fcber ihre Quelle;<\/p>\n<p align=\"justify\">6. das Vorhandensein eines automatisierten Entscheidungsprozesses einschlie\u00dflich der Erstellung von Profilen und in diesen F\u00e4llen einschl\u00e4giger Informationen zur verwendeten Logik sowie zur Bedeutung und zu erwartenden Folgen einer solchen Verarbeitung f\u00fcr die betroffene Person.<\/p>\n<p align=\"justify\">das Recht, die Berichtigung Ihrer personenbezogenen Daten bei Ungenauigkeiten zu verlangen; dazu geh\u00f6rt auch die M\u00f6glichkeit, unvollst\u00e4ndige personenbezogene Daten zu vervollst\u00e4ndigen;<\/p>\n<p align=\"justify\">das Recht, die L\u00f6schung von Daten anzufordern und \/ oder die Verarbeitung dieser Daten einzuschr\u00e4nken, sowie das Recht, der Verarbeitung in den von der GDPR festgelegten F\u00e4llen und Bedingungen zu widersprechen;<\/p>\n<p align=\"justify\"><strong>Wir sind verpflichtet, Ihre personenbezogenen Daten zu l\u00f6schen, wenn:<\/strong><\/p>\n<p align=\"justify\">1. Die Daten werden nicht mehr f\u00fcr die Zwecke ben\u00f6tigt, f\u00fcr die sie erhoben oder verarbeitet wurden.<\/p>\n<p align=\"justify\">2. die Einwilligung widerrufen, auf deren Grundlage die Bearbeitung erfolgt und f\u00fcr die Bearbeitung keine andere Rechtsgrundlage besteht;<\/p>\n<p align=\"justify\">3. sich der Verarbeitung im Rahmen des berechtigten Interesses des Betreibers widersetzen und es gibt keine legitimen Gr\u00fcnde f\u00fcr die Durchsetzung der Verarbeitung oder wenn die Verarbeitung auf Direktvermarktung abzielt;<\/p>\n<p align=\"justify\">4. Die Daten wurden illegal verarbeitet.<\/p>\n<p align=\"justify\">5. Die Daten m\u00fcssen gel\u00f6scht werden, um einer gesetzlichen Verpflichtung des Betreibers nachzukommen.<\/p>\n<p align=\"justify\"><strong>Die Anforderung zum L\u00f6schen von Daten gilt nicht, wenn eine Verarbeitung erforderlich ist:<\/strong><\/p>\n<p align=\"justify\">1. das Recht auf Meinungs- und Informationsfreiheit auszu\u00fcben;<\/p>\n<p align=\"justify\">2. zur Einhaltung einer gesetzlichen Verpflichtung zur Verarbeitung;<\/p>\n<p align=\"justify\">3. aus Gr\u00fcnden des \u00f6ffentlichen Interesses an der \u00f6ffentlichen Gesundheit;<\/p>\n<p align=\"justify\">4. zu Archivierungszwecken im \u00f6ffentlichen Interesse, zu wissenschaftlichen oder historischen Forschungen oder zu statistischen Zwecken; oder<\/p>\n<p align=\"justify\">5. zur Feststellung, Aus\u00fcbung oder Verteidigung eines Rechts vor Gericht.<\/p>\n<p align=\"justify\"><strong>Sie haben das Recht, eine Einschr\u00e4nkung der Verarbeitung zu erhalten, wenn eine der folgenden Bedingungen zutrifft:<\/strong><\/p>\n<p align=\"justify\">1. Die Genauigkeit der Daten f\u00fcr einen Zeitraum in Frage stellen, in dem wir die Richtigkeit der Daten \u00fcberpr\u00fcfen k\u00f6nnen;<\/p>\n<p align=\"justify\">2. die Verarbeitung ist illegal, und Sie lehnen die L\u00f6schung personenbezogener Daten ab und fordern die Beschr\u00e4nkung ihrer Verwendung.<\/p>\n<p align=\"justify\">3. Der Betreiber ben\u00f6tigt zur Verarbeitung keine personenbezogenen Daten mehr, Sie bitten Sie jedoch, ein Recht vor Gericht zu suchen, auszu\u00fcben oder zu verteidigen. oder<\/p>\n<p align=\"justify\">4. Sie haben der Verarbeitung f\u00fcr den Zeitraum widersprochen, in dem gepr\u00fcft wird, ob die legitimen Rechte des Betreibers Vorrang vor der betroffenen Person haben.<\/p>\n<p align=\"justify\">Sie haben jederzeit das Recht, der Verarbeitung von Daten, die aufgrund des berechtigten Interesses des Betreibers vorgenommen werden, einschlie\u00dflich der Erstellung von Profilen, aus Gr\u00fcnden, die sich auf Ihre spezielle Situation beziehen, zu widersprechen. In diesem Fall wird der Betreiber Ihre Daten nicht mehr verarbeiten, es sei denn, der Betreiber weist nach, dass er legitime und zwingende Gr\u00fcnde hat, die die Verarbeitung rechtfertigen und die Interessen, Rechte und Freiheiten der Person bestimmen, oder dass der Zweck darin besteht, eine Entscheidung zu treffen, auszu\u00fcben oder zu verteidigen vor Gericht.<\/p>\n<p align=\"justify\">Wenn die Verarbeitung personenbezogener Daten f\u00fcr das Direktmarketing vorgesehen ist, haben Sie jederzeit das Recht, der Verarbeitung Ihrer pers\u00f6nlichen Daten, einschlie\u00dflich der Profilerstellung, zu widersprechen, soweit sie mit diesem Direktmarketing in Verbindung stehen. Wenn Sie der Verarbeitung zum Direktmarketing widersprechen, werden Ihre Daten zu diesem Zweck nicht mehr verarbeitet.<\/p>\n<p align=\"justify\">das Recht auf Datenportabilit\u00e4t, wenn die Grundlage der Datenverarbeitung Ihre Zustimmung oder der Abschluss oder die Durchf\u00fchrung eines Vertrages ist und die Verarbeitung auf automatisierte Weise erfolgt.<\/p>\n<p align=\"justify\">Wenn diese Bedingungen kumulativ erf\u00fcllt sind, haben Sie das Recht, die von Ihnen betrachteten Daten zu erhalten, die Sie uns in einem strukturierten, h\u00e4ufig verwendeten und automatisch lesbaren Format \u00fcbermittelt haben.<\/p>\n<p align=\"justify\">Sie haben auch das Recht, diese Daten ohne unsere eigenen Barrieren an einen anderen Betreiber zu \u00fcbermitteln, und das Recht, Daten direkt von einem Betreiber zu einem anderen zu \u00fcbertragen, sofern dies technisch machbar ist.<\/p>\n<p align=\"justify\">Im Falle einer Datenverarbeitung, die unter Ihrer Zustimmung erfolgt, haben Sie das Recht, Ihre Zustimmung jederzeit zu widerrufen, ohne dass die Rechtm\u00e4\u00dfigkeit der Verarbeitung unter der Zustimmung vor dem Widerruf beeintr\u00e4chtigt wird.<\/p>\n<p align=\"justify\">das Recht, nicht Gegenstand einer Entscheidung zu sein, die ausschlie\u00dflich auf der automatischen Verarbeitung beruht.<\/p>\n<p align=\"justify\">Dieses Recht ist Ihre F\u00e4higkeit, nicht Gegenstand einer Entscheidung zu sein, die ausschlie\u00dflich auf der automatischen Verarbeitung basiert, einschlie\u00dflich der Profilerstellung, die rechtliche Auswirkungen hat, die sich auf die betroffene Person auswirken oder deren Auswirkungen in erheblichem Ma\u00dfe beeintr\u00e4chtigen.<\/p>\n<p><strong>Dieses Recht gilt, wenn die Entscheidung:<\/strong><\/p>\n<p align=\"justify\">1. Es ist notwendig, einen Vertrag zwischen uns und Ihnen abzuschlie\u00dfen oder abzuschlie\u00dfen.<\/p>\n<p align=\"justify\">2. nach Unionsrecht oder nationalem Recht autorisiert ist und geeignete Ma\u00dfnahmen zum Schutz Ihrer legitimen Rechte, Freiheiten und Interessen vorsieht; oder<\/p>\n<p align=\"justify\">3. beruht auf der ausdr\u00fccklichen Zustimmung der betroffenen Person.<\/p>\n<p>&nbsp;<\/p>\n<p align=\"justify\"><strong>F\u00fcr die Aus\u00fcbung dieser Rechte k\u00f6nnen Sie sich schriftlich an das ladaresail mit Datum und Unterschrift wenden: gdpr@autototal.ro an die oben genannte Adresse des Betreibers.<\/strong><\/p>\n<p align=\"justify\">Sie haben auch das Recht, eine Beschwerde bei der Aufsichtsbeh\u00f6rde &#8211; der Nationalen Aufsichtsbeh\u00f6rde f\u00fcr die Verarbeitung personenbezogener Daten (ANSPDCP) &#8211; einzureichen.<\/p>\n<p>&nbsp;<\/p>\n<p><strong>9. Sonstige Bestimmungen<\/strong><\/p>\n<p align=\"justify\">Sollten wir in Zukunft neue Verarbeitungen personenbezogener Daten aufnehmen oder beabsichtigen, unsere personenbezogenen Daten zu einem anderen Zweck als dem, zu dem sie erhoben wurden, zu verarbeiten, werden wir Ihnen dies zuvor zur Verf\u00fcgung stellen Weiterverarbeitung, Informationen zur neuen Verarbeitung und zum neuen Zweck (sekund\u00e4rer Geltungsbereich) sowie weitere relevante Informationen.<\/p>\n<p align=\"justify\">Unsere Verpflichtung, Sie \u00fcber die Datenverarbeitung zu informieren, gilt nicht in bestimmten F\u00e4llen, die ausdr\u00fccklich vom anwendbaren Recht vorgesehen sind, und zwar, wenn und soweit:<\/p>\n<p align=\"justify\">\u2022 Sie haben die Informationen bereits;<\/p>\n<p align=\"justify\">\u2022 Die Bereitstellung solcher Informationen erweist sich als unm\u00f6glich oder w\u00fcrde unverh\u00e4ltnism\u00e4\u00dfige Anstrengungen erfordern oder in dem Umfang, in dem die Informationspflicht die Erreichung der Verarbeitungsziele m\u00f6glicherweise unm\u00f6glich macht oder ernsthaft beeintr\u00e4chtigt. In solchen F\u00e4llen ergreift der Betreiber geeignete Ma\u00dfnahmen, um Ihre legitimen Rechte, Freiheiten und Interessen zu sch\u00fctzen, einschlie\u00dflich Informationen f\u00fcr die \u00d6ffentlichkeit zug\u00e4nglich zu machen.<\/p>\n<p align=\"justify\">\u2022 Die Erhebung oder Weitergabe von Daten wird ausdr\u00fccklich durch das Recht der Europ\u00e4ischen Union oder durch nationales Recht bereitgestellt, durch das der Betreiber in Kraft tritt und das geeignete Ma\u00dfnahmen zum Schutz Ihrer berechtigten Interessen vorsieht. oder<\/p>\n<p align=\"justify\">\u2022 wenn personenbezogene Daten im Rahmen eines gesetzlich vorgeschriebenen Berufsgeheimnisses, das durch Unionsrecht oder nationales Recht geregelt ist, vertraulich bleiben m\u00fcssen, einschlie\u00dflich einer gesetzlichen Geheimhaltungspflicht.<\/p>\n<p align=\"justify\">Schlie\u00dflich stellen wir sicher, dass wir uns um Ihre Rechte in Bezug auf die Verarbeitung Ihrer Daten k\u00fcmmern, und wir werden alle angemessenen Schritte unternehmen, um sicherzustellen, dass Ihre pers\u00f6nlichen Daten gesch\u00fctzt werden Ihre Rechte werden respektiert.<\/p>\n<p>[\/vc_column_text][\/vc_column][\/vc_row][vc_row][vc_column][vc_column_text]<a href=\"https:\/\/www.atbs.ro\/de\/cookie-richtlinie\/\">Cookie-Richtlinie<\/a>[\/vc_column_text][\/vc_column][\/vc_row]<\/p>\n<\/div>","protected":false},"excerpt":{"rendered":"<p>[vc_row][vc_column][vc_column_text]AUSKUNFT BEZ\u00dcGLICH DER PERSONENBEZOGENEN DATEN Am 25.05. 2018 tritt die Verordnung 679\/2016 in Kraft, und zwar bez\u00fcglich dem Schutz nat\u00fcrlicher&#8230;<\/p>\n","protected":false},"author":1,"featured_media":0,"parent":0,"menu_order":0,"comment_status":"closed","ping_status":"open","template":"","meta":{"footnotes":""},"class_list":["post-29074","page","type-page","status-publish"],"_links":{"self":[{"href":"https:\/\/www.atbs.ro\/de\/wp-json\/wp\/v2\/pages\/29074","targetHints":{"allow":["GET"]}}],"collection":[{"href":"https:\/\/www.atbs.ro\/de\/wp-json\/wp\/v2\/pages"}],"about":[{"href":"https:\/\/www.atbs.ro\/de\/wp-json\/wp\/v2\/types\/page"}],"author":[{"embeddable":true,"href":"https:\/\/www.atbs.ro\/de\/wp-json\/wp\/v2\/users\/1"}],"replies":[{"embeddable":true,"href":"https:\/\/www.atbs.ro\/de\/wp-json\/wp\/v2\/comments?post=29074"}],"version-history":[{"count":0,"href":"https:\/\/www.atbs.ro\/de\/wp-json\/wp\/v2\/pages\/29074\/revisions"}],"wp:attachment":[{"href":"https:\/\/www.atbs.ro\/de\/wp-json\/wp\/v2\/media?parent=29074"}],"curies":[{"name":"wp","href":"https:\/\/api.w.org\/{rel}","templated":true}]}}