{"id":29054,"date":"2019-02-22T07:39:33","date_gmt":"2019-02-22T07:39:33","guid":{"rendered":"https:\/\/atbs.adautototal.ro\/?page_id=29054"},"modified":"2023-03-15T12:35:29","modified_gmt":"2023-03-15T12:35:29","slug":"warum-atbs","status":"publish","type":"page","link":"https:\/\/www.atbs.ro\/de\/warum-atbs\/","title":{"rendered":"Warum ATBS?"},"content":{"rendered":"<div class=\"wpb-content-wrapper\"><p>[vc_row full_width=&#8220;stretch_row_content&#8220; css=&#8220;.vc_custom_1550861875920{background-color: #333333 !important;}&#8220;][vc_column]<div class=\"clearboth\"><\/div><style>#thegem-divider-69f622fb523ec {margin-top: 32px !important;}<\/style><div id=\"thegem-divider-69f622fb523ec\" class=\"gem-divider  \" style=\"\" ><\/div>[vc_column_text]<\/p>\n<div class=\"title-h2\" style=\"text-align: center;\"><span style=\"color: #fff;\">Auto Total Business Show<\/span><\/div>\n<p>[\/vc_column_text][vc_column_text]<\/p>\n<h6 style=\"text-align: center;\"><span style=\"color: #fff;\">DER GRUND \u2013 DIE AUTO-TEILE-HERSTELLER M\u00dcSSEN IHRE TECHNOLOGIE VORZUSTELLEN<\/span><\/h6>\n<p>[\/vc_column_text][vc_separator color=&#8220;custom&#8220; border_width=&#8220;3&#8243; el_width=&#8220;10&#8243; accent_color=&#8220;#1ea500&#8243; el_class=&#8220;custom-separator&#8220;]<div class=\"clearboth\"><\/div><style>#thegem-divider-69f622fb5243a {margin-top: 60px !important;}<\/style><div id=\"thegem-divider-69f622fb5243a\" class=\"gem-divider  \" style=\"\" ><\/div>[\/vc_column][\/vc_row][vc_row][vc_column width=&#8220;1\/2&#8243;][vc_column_text]<\/p>\n<p align=\"justify\">Total Business Auto Show ist die gr\u00f6\u00dfte Messe f\u00fcr Autoteile, Werkzeuge und Ger\u00e4te seit 2012.<\/p>\n<p align=\"justify\">Das Auto-Teile-Markt in Rum\u00e4nien ben\u00f6tigt, um ein Ereignis, das die f\u00fchrenden Hersteller von Teilen, Zubeh\u00f6r, Werkzeuge und Ger\u00e4te im Auto zusammenbringen w\u00fcrde, die sie mit den neuesten Technologien und Produkte im Bereich pr\u00e4sentieren k\u00f6nnen.<\/p>\n<p align=\"justify\">Dar\u00fcber hinaus Unternehmer in Rum\u00e4nien ben\u00f6tigt Updates auf dem Gebiet zu finden, die die Interaktion mit Lieferanten und ein einmaliges Erlebnis zu genie\u00dfen. Wenn der Ausdruck &#8222;f\u00fchrende Teile-Hersteller in der Welt&#8220; den Eindruck einer Marketing-Strategie erstellen k\u00f6nnen, stellen Sie sind Automobilmarken wie Mercedes Benz, BMW, Ferrari, Lamborghini, die nicht ohne den Beitrag dieser Lieferanten existieren k\u00f6nnte. Von Filter an Reifen, Scheinwerfer von Endrohre, die Bremsen auf Autosicherheitssysteme, verlassen gro\u00dfen Automarken komplett auf diesen Anbietern.<\/p>\n<p align=\"justify\">Da das Auto ist der wichtigste Verkehrstr\u00e4ger f\u00fcr viele Volkswirtschaften und weil wir die Notwendigkeit, den Zugang zu den neuesten Innovationen zu haben verstehen, kommen jedes Jahr zu ATBS Lieferanten weltweit. ATBS j\u00e4hrlich bei Romexpo Ausstellungszentrum in Bukarest im Fr\u00fchsommer statt. Jedes Jahr hat jeder Ausgabe gr\u00f6\u00dfer und besser geworden. Weitere Anbieter nahm an der Veranstaltung und mehr Besucher haben Teilzeit genommen.<\/p>\n<p>[\/vc_column_text][\/vc_column][vc_column width=&#8220;1\/2&#8243;]<div class=\"clearboth\"><\/div><style>#thegem-divider-69f622fb52466 {margin-top: 32px !important;}<\/style><div id=\"thegem-divider-69f622fb52466\" class=\"gem-divider  \" style=\"\" ><\/div><div class=\"preloader\"><div class=\"preloader-spin\"><\/div><\/div> <div id=\"gem-gallery-69f622fb52717\" class=\"gem-gallery gem-gallery-hover-default\"> <div class=\"gem-gallery-item\"> <div class=\"gem-gallery-item-image\"> <a href=\"https:\/\/www.atbs.ro\/wp-content\/uploads\/2019\/02\/ATBS-2013-16-thegem-gallery-fullwidth.jpg\" data-fancybox-group=\"gallery-69f622fb52717\" data-full-image-url=\"https:\/\/www.atbs.ro\/wp-content\/uploads\/2019\/02\/ATBS-2013-16.jpg\"> <svg width=\"20\" height=\"10\"><path d=\"M 0,10 Q 9,9 10,0 Q 11,9 20,10\" \/><\/svg> <img src=\"https:\/\/www.atbs.ro\/wp-content\/uploads\/2019\/02\/ATBS-2013-16-thegem-post-thumb-small.jpg\" alt=\"\" class=\"img-responsive\"> <span class=\"gem-gallery-caption slide-info\"> <\/span> <\/a> <span class=\"gem-gallery-line\"><\/span> <\/div> <\/div> <div class=\"gem-gallery-item\"> <div class=\"gem-gallery-item-image\"> <a href=\"https:\/\/www.atbs.ro\/wp-content\/uploads\/2019\/02\/ATBS-2012-2.jpg\" data-fancybox-group=\"gallery-69f622fb52717\" data-full-image-url=\"https:\/\/www.atbs.ro\/wp-content\/uploads\/2019\/02\/ATBS-2012-2.jpg\"> <svg width=\"20\" height=\"10\"><path d=\"M 0,10 Q 9,9 10,0 Q 11,9 20,10\" \/><\/svg> <img src=\"https:\/\/www.atbs.ro\/wp-content\/uploads\/2019\/02\/ATBS-2012-2-thegem-post-thumb-small.jpg\" alt=\"\" class=\"img-responsive\"> <span class=\"gem-gallery-caption slide-info\"> <\/span> <\/a> <span class=\"gem-gallery-line\"><\/span> <\/div> <\/div> <div class=\"gem-gallery-item\"> <div class=\"gem-gallery-item-image\"> <a href=\"https:\/\/www.atbs.ro\/wp-content\/uploads\/2019\/02\/ATBS-2012-14.jpg\" data-fancybox-group=\"gallery-69f622fb52717\" data-full-image-url=\"https:\/\/www.atbs.ro\/wp-content\/uploads\/2019\/02\/ATBS-2012-14.jpg\"> <svg width=\"20\" height=\"10\"><path d=\"M 0,10 Q 9,9 10,0 Q 11,9 20,10\" \/><\/svg> <img src=\"https:\/\/www.atbs.ro\/wp-content\/uploads\/2019\/02\/ATBS-2012-14-thegem-post-thumb-small.jpg\" alt=\"\" class=\"img-responsive\"> <span class=\"gem-gallery-caption slide-info\"> <\/span> <\/a> <span class=\"gem-gallery-line\"><\/span> <\/div> <\/div> <div class=\"gem-gallery-item\"> <div class=\"gem-gallery-item-image\"> <a href=\"https:\/\/www.atbs.ro\/wp-content\/uploads\/2019\/02\/ATBS-2012-3.jpg\" data-fancybox-group=\"gallery-69f622fb52717\" data-full-image-url=\"https:\/\/www.atbs.ro\/wp-content\/uploads\/2019\/02\/ATBS-2012-3.jpg\"> <svg width=\"20\" height=\"10\"><path d=\"M 0,10 Q 9,9 10,0 Q 11,9 20,10\" \/><\/svg> <img src=\"https:\/\/www.atbs.ro\/wp-content\/uploads\/2019\/02\/ATBS-2012-3-thegem-post-thumb-small.jpg\" alt=\"\" class=\"img-responsive\"> <span class=\"gem-gallery-caption slide-info\"> <\/span> <\/a> <span class=\"gem-gallery-line\"><\/span> <\/div> <\/div> <div class=\"gem-gallery-item\"> <div class=\"gem-gallery-item-image\"> <a href=\"https:\/\/www.atbs.ro\/wp-content\/uploads\/2019\/02\/ATBS-2012-8.jpg\" data-fancybox-group=\"gallery-69f622fb52717\" data-full-image-url=\"https:\/\/www.atbs.ro\/wp-content\/uploads\/2019\/02\/ATBS-2012-8.jpg\"> <svg width=\"20\" height=\"10\"><path d=\"M 0,10 Q 9,9 10,0 Q 11,9 20,10\" \/><\/svg> <img src=\"https:\/\/www.atbs.ro\/wp-content\/uploads\/2019\/02\/ATBS-2012-8-thegem-post-thumb-small.jpg\" alt=\"\" class=\"img-responsive\"> <span class=\"gem-gallery-caption slide-info\"> <\/span> <\/a> <span class=\"gem-gallery-line\"><\/span> <\/div> <\/div> <div class=\"gem-gallery-item\"> <div class=\"gem-gallery-item-image\"> <a href=\"https:\/\/www.atbs.ro\/wp-content\/uploads\/2019\/02\/ATBS-2012-16-1.jpg\" data-fancybox-group=\"gallery-69f622fb52717\" data-full-image-url=\"https:\/\/www.atbs.ro\/wp-content\/uploads\/2019\/02\/ATBS-2012-16-1.jpg\"> <svg width=\"20\" height=\"10\"><path d=\"M 0,10 Q 9,9 10,0 Q 11,9 20,10\" \/><\/svg> <img src=\"https:\/\/www.atbs.ro\/wp-content\/uploads\/2019\/02\/ATBS-2012-16-1-thegem-post-thumb-small.jpg\" alt=\"\" class=\"img-responsive\"> <span class=\"gem-gallery-caption slide-info\"> <\/span> <\/a> <span class=\"gem-gallery-line\"><\/span> <\/div> <\/div> <div class=\"gem-gallery-item\"> <div class=\"gem-gallery-item-image\"> <a href=\"https:\/\/www.atbs.ro\/wp-content\/uploads\/revslider\/atbs\/Sexy-Car-Wash-1-ATBS-2018-thegem-gallery-fullwidth.jpg\" data-fancybox-group=\"gallery-69f622fb52717\" data-full-image-url=\"https:\/\/www.atbs.ro\/wp-content\/uploads\/revslider\/atbs\/Sexy-Car-Wash-1-ATBS-2018.jpg\"> <svg width=\"20\" height=\"10\"><path d=\"M 0,10 Q 9,9 10,0 Q 11,9 20,10\" \/><\/svg> <img src=\"https:\/\/www.atbs.ro\/wp-content\/uploads\/revslider\/atbs\/Sexy-Car-Wash-1-ATBS-2018-thegem-post-thumb-small.jpg\" alt=\"\" class=\"img-responsive\"> <span class=\"gem-gallery-caption slide-info\"> <\/span> <\/a> <span class=\"gem-gallery-line\"><\/span> <\/div> <\/div> <div class=\"gem-gallery-item\"> <div class=\"gem-gallery-item-image\"> <a href=\"https:\/\/www.atbs.ro\/wp-content\/uploads\/2019\/02\/ATBS-2012-21.jpg\" data-fancybox-group=\"gallery-69f622fb52717\" data-full-image-url=\"https:\/\/www.atbs.ro\/wp-content\/uploads\/2019\/02\/ATBS-2012-21.jpg\"> <svg width=\"20\" height=\"10\"><path d=\"M 0,10 Q 9,9 10,0 Q 11,9 20,10\" \/><\/svg> <img src=\"https:\/\/www.atbs.ro\/wp-content\/uploads\/2019\/02\/ATBS-2012-21-thegem-post-thumb-small.jpg\" alt=\"\" class=\"img-responsive\"> <span class=\"gem-gallery-caption slide-info\"> <\/span> <\/a> <span class=\"gem-gallery-line\"><\/span> <\/div> <\/div> <div class=\"gem-gallery-item\"> <div class=\"gem-gallery-item-image\"> <a href=\"https:\/\/www.atbs.ro\/wp-content\/uploads\/2019\/02\/ATBS-2013-4.jpg\" data-fancybox-group=\"gallery-69f622fb52717\" data-full-image-url=\"https:\/\/www.atbs.ro\/wp-content\/uploads\/2019\/02\/ATBS-2013-4.jpg\"> <svg width=\"20\" height=\"10\"><path d=\"M 0,10 Q 9,9 10,0 Q 11,9 20,10\" \/><\/svg> <img src=\"https:\/\/www.atbs.ro\/wp-content\/uploads\/2019\/02\/ATBS-2013-4-thegem-post-thumb-small.jpg\" alt=\"\" class=\"img-responsive\"> <span class=\"gem-gallery-caption slide-info\"> <\/span> <\/a> <span class=\"gem-gallery-line\"><\/span> <\/div> <\/div> <div class=\"gem-gallery-item\"> <div class=\"gem-gallery-item-image\"> <a href=\"https:\/\/www.atbs.ro\/wp-content\/uploads\/2019\/02\/ATBS-2013-12.jpg\" data-fancybox-group=\"gallery-69f622fb52717\" data-full-image-url=\"https:\/\/www.atbs.ro\/wp-content\/uploads\/2019\/02\/ATBS-2013-12.jpg\"> <svg width=\"20\" height=\"10\"><path d=\"M 0,10 Q 9,9 10,0 Q 11,9 20,10\" \/><\/svg> <img src=\"https:\/\/www.atbs.ro\/wp-content\/uploads\/2019\/02\/ATBS-2013-12-thegem-post-thumb-small.jpg\" alt=\"\" class=\"img-responsive\"> <span class=\"gem-gallery-caption slide-info\"> <\/span> <\/a> <span class=\"gem-gallery-line\"><\/span> <\/div> <\/div> <div class=\"gem-gallery-item\"> <div class=\"gem-gallery-item-image\"> <a href=\"\/2019\/02\/ATBS-2013-13-1.jpg\" data-fancybox-group=\"gallery-69f622fb52717\" data-full-image-url=\"https:\/\/www.atbs.ro\/wp-content\/uploads\/2019\/02\/ATBS-2013-13-1.jpg\"> <svg width=\"20\" height=\"10\"><path d=\"M 0,10 Q 9,9 10,0 Q 11,9 20,10\" \/><\/svg> <img src=\"\/2019\/02\/ATBS-2013-13-1-150x150.jpg\" alt=\"\" class=\"img-responsive\"> <span class=\"gem-gallery-caption slide-info\"> <\/span> <\/a> <span class=\"gem-gallery-line\"><\/span> <\/div> <\/div> <div class=\"gem-gallery-item\"> <div class=\"gem-gallery-item-image\"> <a href=\"https:\/\/www.atbs.ro\/wp-content\/uploads\/2019\/02\/ATBS-2013-18.jpg\" data-fancybox-group=\"gallery-69f622fb52717\" data-full-image-url=\"https:\/\/www.atbs.ro\/wp-content\/uploads\/2019\/02\/ATBS-2013-18.jpg\"> <svg width=\"20\" height=\"10\"><path d=\"M 0,10 Q 9,9 10,0 Q 11,9 20,10\" \/><\/svg> <img src=\"https:\/\/www.atbs.ro\/wp-content\/uploads\/2019\/02\/ATBS-2013-18-thegem-post-thumb-small.jpg\" alt=\"\" class=\"img-responsive\"> <span class=\"gem-gallery-caption slide-info\"> <\/span> <\/a> <span class=\"gem-gallery-line\"><\/span> <\/div> <\/div> <div class=\"gem-gallery-item\"> <div class=\"gem-gallery-item-image\"> <a href=\"https:\/\/www.atbs.ro\/wp-content\/uploads\/2019\/02\/ATBS-2017-2.jpg\" data-fancybox-group=\"gallery-69f622fb52717\" data-full-image-url=\"https:\/\/www.atbs.ro\/wp-content\/uploads\/2019\/02\/ATBS-2017-2.jpg\"> <svg width=\"20\" height=\"10\"><path d=\"M 0,10 Q 9,9 10,0 Q 11,9 20,10\" \/><\/svg> <img src=\"https:\/\/www.atbs.ro\/wp-content\/uploads\/2019\/02\/ATBS-2017-2-thegem-post-thumb-small.jpg\" alt=\"\" class=\"img-responsive\"> <span class=\"gem-gallery-caption slide-info\"> <\/span> <\/a> <span class=\"gem-gallery-line\"><\/span> <\/div> <\/div> <div class=\"gem-gallery-item\"> <div class=\"gem-gallery-item-image\"> <a href=\"https:\/\/www.atbs.ro\/wp-content\/uploads\/2019\/02\/ATBS-2017-3.jpg\" data-fancybox-group=\"gallery-69f622fb52717\" data-full-image-url=\"https:\/\/www.atbs.ro\/wp-content\/uploads\/2019\/02\/ATBS-2017-3.jpg\"> <svg width=\"20\" height=\"10\"><path d=\"M 0,10 Q 9,9 10,0 Q 11,9 20,10\" \/><\/svg> <img src=\"https:\/\/www.atbs.ro\/wp-content\/uploads\/2019\/02\/ATBS-2017-3-thegem-post-thumb-small.jpg\" alt=\"\" class=\"img-responsive\"> <span class=\"gem-gallery-caption slide-info\"> <\/span> <\/a> <span class=\"gem-gallery-line\"><\/span> <\/div> <\/div> <div class=\"gem-gallery-item\"> <div class=\"gem-gallery-item-image\"> <a href=\"https:\/\/www.atbs.ro\/wp-content\/uploads\/2019\/02\/ATBS-2017-8.jpg\" data-fancybox-group=\"gallery-69f622fb52717\" data-full-image-url=\"https:\/\/www.atbs.ro\/wp-content\/uploads\/2019\/02\/ATBS-2017-8.jpg\"> <svg width=\"20\" height=\"10\"><path d=\"M 0,10 Q 9,9 10,0 Q 11,9 20,10\" \/><\/svg> <img src=\"https:\/\/www.atbs.ro\/wp-content\/uploads\/2019\/02\/ATBS-2017-8-thegem-post-thumb-small.jpg\" alt=\"\" class=\"img-responsive\"> <span class=\"gem-gallery-caption slide-info\"> <\/span> <\/a> <span class=\"gem-gallery-line\"><\/span> <\/div> <\/div> <div class=\"gem-gallery-item\"> <div class=\"gem-gallery-item-image\"> <a href=\"https:\/\/www.atbs.ro\/wp-content\/uploads\/2019\/02\/ATBS-2017.jpg\" data-fancybox-group=\"gallery-69f622fb52717\" data-full-image-url=\"https:\/\/www.atbs.ro\/wp-content\/uploads\/2019\/02\/ATBS-2017.jpg\"> <svg width=\"20\" height=\"10\"><path d=\"M 0,10 Q 9,9 10,0 Q 11,9 20,10\" \/><\/svg> <img src=\"https:\/\/www.atbs.ro\/wp-content\/uploads\/2019\/02\/ATBS-2017-thegem-post-thumb-small.jpg\" alt=\"\" class=\"img-responsive\"> <span class=\"gem-gallery-caption slide-info\"> <\/span> <\/a> <span class=\"gem-gallery-line\"><\/span> <\/div> <\/div> <div class=\"gem-gallery-item\"> <div class=\"gem-gallery-item-image\"> <a href=\"https:\/\/www.atbs.ro\/wp-content\/uploads\/revslider\/atbs\/atbs-thegem-gallery-fullwidth.jpg\" data-fancybox-group=\"gallery-69f622fb52717\" data-full-image-url=\"https:\/\/www.atbs.ro\/wp-content\/uploads\/revslider\/atbs\/atbs.jpg\"> <svg width=\"20\" height=\"10\"><path d=\"M 0,10 Q 9,9 10,0 Q 11,9 20,10\" \/><\/svg> <img src=\"https:\/\/www.atbs.ro\/wp-content\/uploads\/revslider\/atbs\/atbs-thegem-post-thumb-small.jpg\" alt=\"\" class=\"img-responsive\"> <span class=\"gem-gallery-caption slide-info\"> <\/span> <\/a> <span class=\"gem-gallery-line\"><\/span> <\/div> <\/div> <div class=\"gem-gallery-item\"> <div class=\"gem-gallery-item-image\"> <a href=\"https:\/\/www.atbs.ro\/wp-content\/uploads\/2019\/02\/ATBS-2016-8.jpg\" data-fancybox-group=\"gallery-69f622fb52717\" data-full-image-url=\"https:\/\/www.atbs.ro\/wp-content\/uploads\/2019\/02\/ATBS-2016-8.jpg\"> <svg width=\"20\" height=\"10\"><path d=\"M 0,10 Q 9,9 10,0 Q 11,9 20,10\" \/><\/svg> <img src=\"https:\/\/www.atbs.ro\/wp-content\/uploads\/2019\/02\/ATBS-2016-8-thegem-post-thumb-small.jpg\" alt=\"\" class=\"img-responsive\"> <span class=\"gem-gallery-caption slide-info\"> <\/span> <\/a> <span class=\"gem-gallery-line\"><\/span> <\/div> <\/div> <div class=\"gem-gallery-item\"> <div class=\"gem-gallery-item-image\"> <a href=\"https:\/\/www.atbs.ro\/wp-content\/uploads\/revslider\/atbs\/atbs-fb3-thegem-gallery-fullwidth.jpg\" data-fancybox-group=\"gallery-69f622fb52717\" data-full-image-url=\"https:\/\/www.atbs.ro\/wp-content\/uploads\/revslider\/atbs\/atbs-fb3.jpg\"> <svg width=\"20\" height=\"10\"><path d=\"M 0,10 Q 9,9 10,0 Q 11,9 20,10\" \/><\/svg> <img src=\"https:\/\/www.atbs.ro\/wp-content\/uploads\/revslider\/atbs\/atbs-fb3-thegem-post-thumb-small.jpg\" alt=\"\" class=\"img-responsive\"> <span class=\"gem-gallery-caption slide-info\"> <\/span> <\/a> <span class=\"gem-gallery-line\"><\/span> <\/div> <\/div> <div class=\"gem-gallery-item\"> <div class=\"gem-gallery-item-image\"> <a href=\"https:\/\/www.atbs.ro\/wp-content\/uploads\/revslider\/atbs\/atbs-2-thegem-gallery-fullwidth.jpg\" data-fancybox-group=\"gallery-69f622fb52717\" data-full-image-url=\"https:\/\/www.atbs.ro\/wp-content\/uploads\/revslider\/atbs\/atbs-2.jpg\"> <svg width=\"20\" height=\"10\"><path d=\"M 0,10 Q 9,9 10,0 Q 11,9 20,10\" \/><\/svg> <img src=\"https:\/\/www.atbs.ro\/wp-content\/uploads\/revslider\/atbs\/atbs-2-thegem-post-thumb-small.jpg\" alt=\"\" class=\"img-responsive\"> <span class=\"gem-gallery-caption slide-info\"> <\/span> <\/a> <span class=\"gem-gallery-line\"><\/span> <\/div> <\/div> <\/div>[\/vc_column][\/vc_row][vc_row][vc_column][vc_column_text]<\/p>\n<p style=\"text-align: center;\" align=\"justify\"><strong>Sehen Sie wie die fr\u00fchere Ausgaben waren und bereiten Sie erstaunt zu sein!<\/strong><\/p>\n<p>[\/vc_column_text][\/vc_column][\/vc_row]<\/p>\n<\/div>","protected":false},"excerpt":{"rendered":"<p>[vc_row full_width=&#8220;stretch_row_content&#8220; css=&#8220;.vc_custom_1550861875920{background-color: #333333 !important;}&#8220;][vc_column][vc_column_text] Auto Total Business Show [\/vc_column_text][vc_column_text] DER GRUND \u2013 DIE AUTO-TEILE-HERSTELLER M\u00dcSSEN IHRE TECHNOLOGIE VORZUSTELLEN [\/vc_column_text][vc_separator&#8230;<\/p>\n","protected":false},"author":1,"featured_media":0,"parent":0,"menu_order":0,"comment_status":"closed","ping_status":"closed","template":"","meta":{"footnotes":""},"class_list":["post-29054","page","type-page","status-publish"],"_links":{"self":[{"href":"https:\/\/www.atbs.ro\/de\/wp-json\/wp\/v2\/pages\/29054","targetHints":{"allow":["GET"]}}],"collection":[{"href":"https:\/\/www.atbs.ro\/de\/wp-json\/wp\/v2\/pages"}],"about":[{"href":"https:\/\/www.atbs.ro\/de\/wp-json\/wp\/v2\/types\/page"}],"author":[{"embeddable":true,"href":"https:\/\/www.atbs.ro\/de\/wp-json\/wp\/v2\/users\/1"}],"replies":[{"embeddable":true,"href":"https:\/\/www.atbs.ro\/de\/wp-json\/wp\/v2\/comments?post=29054"}],"version-history":[{"count":0,"href":"https:\/\/www.atbs.ro\/de\/wp-json\/wp\/v2\/pages\/29054\/revisions"}],"wp:attachment":[{"href":"https:\/\/www.atbs.ro\/de\/wp-json\/wp\/v2\/media?parent=29054"}],"curies":[{"name":"wp","href":"https:\/\/api.w.org\/{rel}","templated":true}]}}